{"id":19,"date":"2022-01-29T20:01:23","date_gmt":"2022-01-30T01:01:23","guid":{"rendered":"https:\/\/new.aclimatise.com\/?page_id=19"},"modified":"2022-08-07T15:15:37","modified_gmt":"2022-08-07T20:15:37","slug":"home-2","status":"publish","type":"page","link":"https:\/\/aclimatise.com\/fr\/","title":{"rendered":"Accueil"},"content":{"rendered":"<h2 class=\"has-vivid-cyan-blue-color has-text-color wp-block-heading\" id=\"hvac-services-in-l-ile-perrot-qc\">SERVICES DE CLIMATISATION ET CHAUFFAGE \u00c0 L'ILE PERROT, QC<\/h2>\n\n\n\n<p>Avec plus de 40 ans d'exp\u00e9rience, Les Service A-Climatis\u00e9 comprennent \u00e0 quel point votre temps est pr\u00e9cieux. C'est pourquoi nous sommes connus pour nos solutions rapides et efficaces, vous permettant le retour aux affaires le plus t\u00f4t possible. Que ce soit une nouvelle installation, ou la conversion d'un syst\u00e8me existant, la maintenance de vos unit\u00e9s CVAC dans l\u2019\u00e9tat optimal, nous pouvons vous aider \u00e0 obtenir des bons r\u00e9sultats rapidement et de mani\u00e8re rentable.<\/p>\n\n\n\n<hr class=\"wp-block-separator has-css-opacity\"\/>\n\n\n\n<div class=\"wp-block-columns is-layout-flex wp-container-core-columns-is-layout-28f84493 wp-block-columns-is-layout-flex\">\n<div class=\"wp-block-column is-layout-flow wp-block-column-is-layout-flow\">\n<figure class=\"wp-block-image is-resized\"><img loading=\"lazy\" decoding=\"async\" src=\"https:\/\/new.aclimatise.com\/wp-content\/uploads\/2022\/01\/product_img9.png\" alt=\"\" class=\"wp-image-54\" width=\"404\" height=\"104\" srcset=\"https:\/\/aclimatise.com\/wp-content\/uploads\/2022\/01\/product_img9.png 471w, https:\/\/aclimatise.com\/wp-content\/uploads\/2022\/01\/product_img9-300x78.png 300w\" sizes=\"auto, (max-width: 404px) 100vw, 404px\" \/><\/figure>\n\n\n\n<p><\/p>\n<\/div>\n\n\n\n<div class=\"wp-block-column is-layout-flow wp-block-column-is-layout-flow\">\n<p class=\"has-vivid-cyan-blue-color has-text-color has-medium-font-size\">Vous cherchez le confort silencieux dans une unit\u00e9 compacte avec un capacit\u00e9 performante? Les thermopompes murales sans conduits sont l\u00e0!<\/p>\n<\/div>\n<\/div>\n\n\n\n<div class=\"wp-block-media-text alignwide has-media-on-the-right is-stacked-on-mobile\" style=\"grid-template-columns:auto 35%\"><figure class=\"wp-block-media-text__media\"><img loading=\"lazy\" decoding=\"async\" width=\"167\" height=\"165\" src=\"https:\/\/aclimatise.com\/wp-content\/uploads\/2022\/01\/suspendedunit.png\" alt=\"\" class=\"wp-image-55 size-full\"\/><\/figure><div class=\"wp-block-media-text__content\">\n<p class=\"has-vivid-cyan-blue-color has-text-color has-medium-font-size\">Laissez-nous vous fournir des solutions industriels et commerciaux efficace et performant.<\/p>\n<\/div><\/div>\n\n\n\n<hr class=\"wp-block-separator has-css-opacity\"\/>\n\n\n\n<div class=\"wp-block-columns is-layout-flex wp-container-core-columns-is-layout-28f84493 wp-block-columns-is-layout-flex\">\n<div class=\"wp-block-column is-layout-flow wp-block-column-is-layout-flow\" style=\"flex-basis:66.66%\">\n<h2 class=\"wp-block-heading\" id=\"going-green\">PENSONS VERT<\/h2>\n\n\n\n<h3 class=\"has-vivid-cyan-blue-color has-text-color wp-block-heading\" id=\"what-we-can-do-for-you-in-this-exciting-new-time-all-the-while-helping-to-protect-our-future-generations\">Vous pouvez profiter de la subvention pour la g\u00e9othermie offerte par Hydro-Qu\u00e9bec.<\/h3>\n\n\n\n<p>En utilisant la temp\u00e9rature constante de la terre, les pompes g\u00e9othermiques vous permettent de laisser refroidir et chauffer votre espace toute l'ann\u00e9e, et cela \u00e0 l'aide d'une fraction de l'\u00e9nergie qui serait d\u00e9pens\u00e9e avec un syst\u00e8me traditionnel.<\/p>\n\n\n\n<p>Les subventions f\u00e9d\u00e9rales et provinciales sont disponibles pour ceux qui sont admissibles.<\/p>\n\n\n\n<p>Pour en savoir plus sur comment Les Service A-Climatis\u00e9 peuvent vous aider \u00e0 passer au vert, appelez-nous au:&nbsp;<a href=\"tel:5144250400\">514-425-0400<\/a>.<\/p>\n<\/div>\n\n\n\n<div class=\"wp-block-column is-vertically-aligned-center is-layout-flow wp-block-column-is-layout-flow\" style=\"flex-basis:33.33%\">\n<figure class=\"wp-block-image aligncenter size-full is-resized\"><img loading=\"lazy\" decoding=\"async\" src=\"https:\/\/new.aclimatise.com\/wp-content\/uploads\/2022\/01\/Family.png\" alt=\"\" class=\"wp-image-35\" width=\"302\" height=\"206\" srcset=\"https:\/\/aclimatise.com\/wp-content\/uploads\/2022\/01\/Family.png 350w, https:\/\/aclimatise.com\/wp-content\/uploads\/2022\/01\/Family-300x205.png 300w\" sizes=\"auto, (max-width: 302px) 100vw, 302px\" \/><\/figure>\n<\/div>\n<\/div>\n\n\n\n<p><\/p>","protected":false},"excerpt":{"rendered":"<p>HVAC services in&nbsp;L&#8217;ile Perrot,&nbsp;QC With more than 40 years experience, Les Services A-Climatis\u00e9 understands how time critical running your company is. That is why we are known for our speedy solutions, getting you back to business as soon as possible. Whether you are moving into a new locale, converting a previous system or maintaining your &hellip; <\/p>\n<p class=\"link-more\"><a href=\"https:\/\/aclimatise.com\/fr\/\" class=\"more-link\">Read more<span class=\"screen-reader-text\"> &#8220;Home&#8221;<\/span><\/a><\/p>","protected":false},"author":1,"featured_media":0,"parent":0,"menu_order":0,"comment_status":"closed","ping_status":"closed","template":"","meta":{"_inspiro_hide_title":false,"footnotes":""},"class_list":["post-19","page","type-page","status-publish","hentry"],"_links":{"self":[{"href":"https:\/\/aclimatise.com\/fr\/wp-json\/wp\/v2\/pages\/19","targetHints":{"allow":["GET"]}}],"collection":[{"href":"https:\/\/aclimatise.com\/fr\/wp-json\/wp\/v2\/pages"}],"about":[{"href":"https:\/\/aclimatise.com\/fr\/wp-json\/wp\/v2\/types\/page"}],"author":[{"embeddable":true,"href":"https:\/\/aclimatise.com\/fr\/wp-json\/wp\/v2\/users\/1"}],"replies":[{"embeddable":true,"href":"https:\/\/aclimatise.com\/fr\/wp-json\/wp\/v2\/comments?post=19"}],"version-history":[{"count":10,"href":"https:\/\/aclimatise.com\/fr\/wp-json\/wp\/v2\/pages\/19\/revisions"}],"predecessor-version":[{"id":164,"href":"https:\/\/aclimatise.com\/fr\/wp-json\/wp\/v2\/pages\/19\/revisions\/164"}],"wp:attachment":[{"href":"https:\/\/aclimatise.com\/fr\/wp-json\/wp\/v2\/media?parent=19"}],"curies":[{"name":"wp","href":"https:\/\/api.w.org\/{rel}","templated":true}]}}