{"id":16,"date":"2022-01-29T20:01:23","date_gmt":"2022-01-30T01:01:23","guid":{"rendered":"https:\/\/new.aclimatise.com\/?page_id=16"},"modified":"2022-04-11T14:43:55","modified_gmt":"2022-04-11T19:43:55","slug":"products","status":"publish","type":"page","link":"https:\/\/aclimatise.com\/fr\/products\/","title":{"rendered":"Nos Produits"},"content":{"rendered":"<h3 class=\"has-vivid-cyan-blue-color has-text-color wp-block-heading\" id=\"les-services-a-climatise-opts-for-high-quality-and-efficient-climate-control-products-getting-you-only-the-best-for-your-air-conditioning-needs-in-the-greater-montreal-area\">Les Service A-Climatis\u00e9 offre des produits de qualit\u00e9 pour tous vos besoins de climatisation et chauffage la r\u00e9gion de Montr\u00e9al.<\/h3>\n\n\n\n<div class=\"wp-block-columns is-layout-flex wp-container-core-columns-is-layout-28f84493 wp-block-columns-is-layout-flex\">\n<div class=\"wp-block-column is-layout-flow wp-block-column-is-layout-flow\">\n<h2 class=\"wp-block-heading\" id=\"new-products-on-special\">NOUVEAUX PRODUITS EN PROMOTION<\/h2>\n\n\n\n<div class=\"wp-block-columns is-layout-flex wp-container-core-columns-is-layout-28f84493 wp-block-columns-is-layout-flex\">\n<div class=\"wp-block-column is-layout-flow wp-block-column-is-layout-flow\">\n<h4 class=\"has-vivid-cyan-blue-color has-text-color wp-block-heading\" id=\"lyric-pro-wi-fi-thermostat\">Thermostat Wi-Fi Pro Lyric\u2122<\/h4>\n\n\n\n<figure class=\"wp-block-image size-large\"><img loading=\"lazy\" decoding=\"async\" width=\"1024\" height=\"576\" src=\"https:\/\/aclimatise.com\/wp-content\/uploads\/2022\/02\/Prestige-3-1024x576.jpg\" alt=\"\" class=\"wp-image-115\" srcset=\"https:\/\/aclimatise.com\/wp-content\/uploads\/2022\/02\/Prestige-3-1024x576.jpg 1024w, https:\/\/aclimatise.com\/wp-content\/uploads\/2022\/02\/Prestige-3-300x169.jpg 300w, https:\/\/aclimatise.com\/wp-content\/uploads\/2022\/02\/Prestige-3-768x432.jpg 768w, https:\/\/aclimatise.com\/wp-content\/uploads\/2022\/02\/Prestige-3-1536x864.jpg 1536w, https:\/\/aclimatise.com\/wp-content\/uploads\/2022\/02\/Prestige-3.jpg 1920w\" sizes=\"auto, (max-width: 1024px) 100vw, 1024px\" \/><\/figure>\n<\/div>\n\n\n\n<div class=\"wp-block-column is-layout-flow wp-block-column-is-layout-flow\">\n<h4 class=\"has-vivid-cyan-blue-color has-text-color wp-block-heading\" id=\"lyric-wi-fi-water-leak-and-freeze-detector\">D\u00e9tecteur de fuites d'eau et de gel Lyric\u2122 Wi-Fi<\/h4>\n\n\n\n<figure class=\"wp-block-image size-full\"><img loading=\"lazy\" decoding=\"async\" width=\"1000\" height=\"1000\" src=\"https:\/\/aclimatise.com\/wp-content\/uploads\/2022\/03\/Water-Leak-and-freeze-detector-.jpg\" alt=\"\" class=\"wp-image-142\" srcset=\"https:\/\/aclimatise.com\/wp-content\/uploads\/2022\/03\/Water-Leak-and-freeze-detector-.jpg 1000w, https:\/\/aclimatise.com\/wp-content\/uploads\/2022\/03\/Water-Leak-and-freeze-detector--300x300.jpg 300w, https:\/\/aclimatise.com\/wp-content\/uploads\/2022\/03\/Water-Leak-and-freeze-detector--150x150.jpg 150w, https:\/\/aclimatise.com\/wp-content\/uploads\/2022\/03\/Water-Leak-and-freeze-detector--768x768.jpg 768w, https:\/\/aclimatise.com\/wp-content\/uploads\/2022\/03\/Water-Leak-and-freeze-detector--12x12.jpg 12w\" sizes=\"auto, (max-width: 1000px) 100vw, 1000px\" \/><\/figure>\n<\/div>\n<\/div>\n\n\n\n<hr class=\"wp-block-separator\"\/>\n\n\n\n<h2 class=\"wp-block-heading\" id=\"our-residential-products\">NOS PRODUITS R\u00c9SIDENTIELS<\/h2>\n\n\n\n<div class=\"wp-block-columns is-layout-flex wp-container-core-columns-is-layout-28f84493 wp-block-columns-is-layout-flex\">\n<div class=\"wp-block-column is-layout-flow wp-block-column-is-layout-flow\" style=\"flex-basis:50%\">\n<ul class=\"wp-block-list\"><li>Climatiseurs ou, thermopompes murales sans conduits&nbsp;<\/li><li>Heat pumps<\/li><li>Syst\u00e8mes climatiseurs ou thermopompes centraux multizones<\/li><li>\u00c9changeurs et purificateurs d\u2019air<\/li><li>Thermostats programmable<\/li><li>Conversion des syst\u00e8mes au mazout aux syst\u00e8mes \u00e9lectriques \u00e0 air puls\u00e9 ou \u00e0 pompe \u00e0 chaleur <\/li><\/ul>\n<\/div>\n\n\n\n<div class=\"wp-block-column is-layout-flow wp-block-column-is-layout-flow\" style=\"flex-basis:50%\">\n<div class=\"wp-block-image\"><figure class=\"aligncenter size-full\"><img loading=\"lazy\" decoding=\"async\" width=\"512\" height=\"512\" src=\"https:\/\/aclimatise.com\/wp-content\/uploads\/2022\/01\/cropped-leaf.gif\" alt=\"\" class=\"wp-image-81\"\/><\/figure><\/div>\n<\/div>\n<\/div>\n\n\n\n<h2 class=\"wp-block-heading\" id=\"our-commercial-products\">NOS PRODUITS COMMERCIAUX<\/h2>\n\n\n\n<ul class=\"wp-block-list\"><li>Unit\u00e9s de toit de 3 \u00e0 75 tonnes<\/li><li>Syst\u00e8mes \u00e0 air forc\u00e9<\/li><li>Syst\u00e8mes climatiseurs ou thermopompes centraux multizones<\/li><li>Chauffage d'appoint<\/li><li>Traitement de tour de l'eau de refroidissement<\/li><li>Unit\u00e9s refroidies \u00e0 l'eau<\/li><li>Unit\u00e9s sans conduit multi-zones<\/li><\/ul>\n\n\n\n<h2 class=\"wp-block-heading\" id=\"our-brands\">NOS MARQUES<\/h2>\n\n\n\n<ul class=\"wp-block-list\" style=\"font-size:clamp(14px, 0.875rem + ((1vw - 3.2px) * 0.177), 16px);\"><li>YORK<\/li><li>CARRIER&nbsp;<\/li><li>PHILCO<\/li><li>PAYNE&nbsp;<\/li><li>TRANE<\/li><li>CREE<\/li><li>GOODMAN<\/li><li>RUNTRU de TRANE<\/li><li>ZEPHYR<\/li><\/ul>\n<\/div>\n<\/div>\n\n\n\n<div class=\"wp-block-buttons is-layout-flex wp-block-buttons-is-layout-flex\">\n<div class=\"wp-block-button aligncenter\"><a class=\"wp-block-button__link\" href=\"mailto:info@aclimatise.com\">Contactez-Nous<\/a><\/div>\n<\/div>\n\n\n\n<p><\/p>\n\n\n\n<p><\/p>\n\n\n\n<p><\/p>\n\n\n\n<p><\/p>\n\n\n\n<p><\/p>","protected":false},"excerpt":{"rendered":"<p>Les Services A-Climatis\u00e9 opts for high-quality and efficient climate control products, getting you only the best for your air conditioning needs in the greater Montreal area. New products on special Lyric\u2122 Pro Wi-Fi Thermostat Lyric\u2122 Wi-Fi Water Leak and Freeze Detector Our Residential products Cooling and heating&nbsp; Heat pumps Mini-split ductless units Air-exchangers \/ steam &hellip; <\/p>\n<p class=\"link-more\"><a href=\"https:\/\/aclimatise.com\/fr\/products\/\" class=\"more-link\">Read more<span class=\"screen-reader-text\"> &#8220;Products&#8221;<\/span><\/a><\/p>","protected":false},"author":1,"featured_media":0,"parent":0,"menu_order":0,"comment_status":"closed","ping_status":"closed","template":"","meta":{"_inspiro_hide_title":false,"footnotes":""},"class_list":["post-16","page","type-page","status-publish","hentry"],"_links":{"self":[{"href":"https:\/\/aclimatise.com\/fr\/wp-json\/wp\/v2\/pages\/16","targetHints":{"allow":["GET"]}}],"collection":[{"href":"https:\/\/aclimatise.com\/fr\/wp-json\/wp\/v2\/pages"}],"about":[{"href":"https:\/\/aclimatise.com\/fr\/wp-json\/wp\/v2\/types\/page"}],"author":[{"embeddable":true,"href":"https:\/\/aclimatise.com\/fr\/wp-json\/wp\/v2\/users\/1"}],"replies":[{"embeddable":true,"href":"https:\/\/aclimatise.com\/fr\/wp-json\/wp\/v2\/comments?post=16"}],"version-history":[{"count":21,"href":"https:\/\/aclimatise.com\/fr\/wp-json\/wp\/v2\/pages\/16\/revisions"}],"predecessor-version":[{"id":156,"href":"https:\/\/aclimatise.com\/fr\/wp-json\/wp\/v2\/pages\/16\/revisions\/156"}],"wp:attachment":[{"href":"https:\/\/aclimatise.com\/fr\/wp-json\/wp\/v2\/media?parent=16"}],"curies":[{"name":"wp","href":"https:\/\/api.w.org\/{rel}","templated":true}]}}