{"id":14,"date":"2022-01-29T20:01:23","date_gmt":"2022-01-30T01:01:23","guid":{"rendered":"https:\/\/new.aclimatise.com\/?page_id=14"},"modified":"2025-12-17T23:39:25","modified_gmt":"2025-12-18T04:39:25","slug":"services","status":"publish","type":"page","link":"https:\/\/aclimatise.com\/fr\/home-2\/services\/","title":{"rendered":"Nos Services"},"content":{"rendered":"<figure class=\"wp-block-pullquote\" id=\"we-are-proud-of-over-40-years-of-residential-and-commercial-installation-experience-in-the-greater-montreal-area\"><blockquote><p>Nous sommes fiers <strong>de nos +40 ans<\/strong> d'exp\u00e9rience en installation r\u00e9sidentielle et commerciale dans la r\u00e9gion de Montr\u00e9al.<\/p><\/blockquote><\/figure>\n\n\n\n<div class=\"wp-block-columns is-layout-flex wp-container-core-columns-is-layout-28f84493 wp-block-columns-is-layout-flex\">\n<div class=\"wp-block-column is-layout-flow wp-block-column-is-layout-flow\" style=\"flex-basis:50%\">\n<h2 class=\"wp-block-heading\" id=\"residential-services\">SERVICES R\u00c9SIDENTIELS<\/h2>\n\n\n\n<p>Les Service A-Climatis\u00e9 offre les services r\u00e9sidentiels suivants \u00e0 L'ile Perrot, QC et la r\u00e9gion de Montr\u00e9al:<\/p>\n\n\n\n<ul class=\"wp-block-list\">\n<li>L\u2019installation de syst\u00e8mes complets<\/li>\n\n\n\n<li>Ducting et calibration<\/li>\n\n\n\n<li>L'entretien saisonnier r\u00e9gulier<\/li>\n\n\n\n<li>D\u00e9pannage et r\u00e9paration<\/li>\n\n\n\n<li>Consultation sur efficacit\u00e9s \u00e9nerg\u00e9tique<\/li>\n\n\n\n<li>Conversion des syst\u00e8mes au mazout aux syst\u00e8mes \u00e9lectriques \u00e0 air puls\u00e9 ou \u00e0 pompe \u00e0 chaleur<\/li>\n<\/ul>\n<\/div>\n\n\n\n<div class=\"wp-block-column is-layout-flow wp-block-column-is-layout-flow\"><\/div>\n\n\n\n<div class=\"wp-block-column is-layout-flow wp-block-column-is-layout-flow\" style=\"flex-basis:50%\">\n<h2 class=\"wp-block-heading\" id=\"commercial-services\">SERVICES COMMERCIAUX<\/h2>\n\n\n\n<p>Les Service A-Climatis\u00e9 offre les services commerciaux suivants \u00e0 L'ile Perrot, QC et la r\u00e9gion de Montr\u00e9al:<\/p>\n\n\n\n<ul class=\"wp-block-list\">\n<li>Les conversions de syst\u00e8me<\/li>\n\n\n\n<li>Les nouvelles installations<\/li>\n\n\n\n<li>Traitement de tour d'eau refroidissant\u00a0<\/li>\n\n\n\n<li>L'entretien saisonnier r\u00e9gulier<\/li>\n\n\n\n<li>D\u00e9pannage et r\u00e9paration<\/li>\n\n\n\n<li>Solutions \u00e9nergie alternatives<\/li>\n<\/ul>\n<\/div>\n<\/div>\n\n\n\n<hr class=\"wp-block-separator has-css-opacity\"\/>\n\n\n\n<div class=\"wp-block-columns is-layout-flex wp-container-core-columns-is-layout-28f84493 wp-block-columns-is-layout-flex\">\n<div class=\"wp-block-column is-vertically-aligned-center is-layout-flow wp-block-column-is-layout-flow\">\n<h2 class=\"wp-block-heading\">Quoi de neuf?<\/h2>\n\n\n\n<p class=\"has-vivid-cyan-blue-color has-text-color has-medium-font-size\"><strong>Avez-vous un syst\u00e8me de chauffage au mazout ou au propane?<\/strong><\/p>\n\n\n\n<h3 class=\"wp-block-heading\">Aide financi\u00e8re pour l\u2019installation d\u2019une thermopompe<\/h3>\n\n\n\n<p>Si vous avez actuellement<strong>&nbsp;un syst\u00e8me de chauffage au mazout ou au propane<\/strong>&nbsp;et que vous souhaitez&nbsp;<strong>le remplacer<\/strong>&nbsp;par une thermopompe, vous pourriez \u00eatre admissible \u00e0 l\u2019aide financi\u00e8re du programme Chauffez vert. V\u00e9rifiez les&nbsp;<a href=\"https:\/\/transitionenergetique.gouv.qc.ca\/en\/residential\/programs\/chauffez-vert\/conditions-to-be-met\">conditions d\u2019admissibilit\u00e9.<\/a>.<\/p>\n\n\n\n<p><strong>Si vous n\u2019avez pas&nbsp;<\/strong>de syst\u00e8me de chauffage au mazout ou au propane dans votre habitation, consultez plut\u00f4t&nbsp;<a href=\"https:\/\/hydroquebec.com\/heat-pumps\" target=\"_blank\" rel=\"noreferrer noopener\">le site d\u2019Hydro-Qu\u00e9bec.<\/a>&nbsp;Hydro-Qu\u00e9bec offre une aide financi\u00e8re pour l\u2019installation ou le remplacement d\u2019une thermopompe.<\/p>\n<\/div>\n\n\n\n<div class=\"wp-block-column is-layout-flow wp-block-column-is-layout-flow\">\n<figure class=\"wp-block-image size-medium wp-duotone-f9fafd-0bb4aa-1\"><img loading=\"lazy\" decoding=\"async\" width=\"300\" height=\"300\" src=\"https:\/\/aclimatise.com\/wp-content\/uploads\/2022\/01\/cropped-leaf-300x300.gif\" alt=\"green leaf\" class=\"wp-image-81\" srcset=\"https:\/\/aclimatise.com\/wp-content\/uploads\/2022\/01\/cropped-leaf-300x300.gif 300w, https:\/\/aclimatise.com\/wp-content\/uploads\/2022\/01\/cropped-leaf-150x150.gif 150w, https:\/\/aclimatise.com\/wp-content\/uploads\/2022\/01\/cropped-leaf-270x270.gif 270w, https:\/\/aclimatise.com\/wp-content\/uploads\/2022\/01\/cropped-leaf-192x192.gif 192w, https:\/\/aclimatise.com\/wp-content\/uploads\/2022\/01\/cropped-leaf-180x180.gif 180w, https:\/\/aclimatise.com\/wp-content\/uploads\/2022\/01\/cropped-leaf-32x32.gif 32w\" sizes=\"auto, (max-width: 300px) 100vw, 300px\" \/><\/figure>\n<\/div>\n<\/div>\n\n\n\n<p><\/p>","protected":false},"excerpt":{"rendered":"<p>We are proud of over 40 years of Residential and Commercial installation experience in the greater Montreal area. Residential services Les Services A-Climatis\u00e9 offers the following residential services to&nbsp;L&#8217;ile Perrot,&nbsp;QC, and the greater Montreal area: Commercial services Les Services A-Climatis\u00e9 offers the following commercial services to&nbsp;L&#8217;ile Perrot,&nbsp;QC,&nbsp;and the greater Montreal area: What&#8217;s new? Do you &hellip; <\/p>\n<p class=\"link-more\"><a href=\"https:\/\/aclimatise.com\/fr\/home-2\/services\/\" class=\"more-link\">Read more<span class=\"screen-reader-text\"> &#8220;Services&#8221;<\/span><\/a><\/p>","protected":false},"author":1,"featured_media":0,"parent":19,"menu_order":0,"comment_status":"closed","ping_status":"closed","template":"","meta":{"_inspiro_hide_title":false,"footnotes":""},"class_list":["post-14","page","type-page","status-publish","hentry"],"_links":{"self":[{"href":"https:\/\/aclimatise.com\/fr\/wp-json\/wp\/v2\/pages\/14","targetHints":{"allow":["GET"]}}],"collection":[{"href":"https:\/\/aclimatise.com\/fr\/wp-json\/wp\/v2\/pages"}],"about":[{"href":"https:\/\/aclimatise.com\/fr\/wp-json\/wp\/v2\/types\/page"}],"author":[{"embeddable":true,"href":"https:\/\/aclimatise.com\/fr\/wp-json\/wp\/v2\/users\/1"}],"replies":[{"embeddable":true,"href":"https:\/\/aclimatise.com\/fr\/wp-json\/wp\/v2\/comments?post=14"}],"version-history":[{"count":18,"href":"https:\/\/aclimatise.com\/fr\/wp-json\/wp\/v2\/pages\/14\/revisions"}],"predecessor-version":[{"id":185,"href":"https:\/\/aclimatise.com\/fr\/wp-json\/wp\/v2\/pages\/14\/revisions\/185"}],"up":[{"embeddable":true,"href":"https:\/\/aclimatise.com\/fr\/wp-json\/wp\/v2\/pages\/19"}],"wp:attachment":[{"href":"https:\/\/aclimatise.com\/fr\/wp-json\/wp\/v2\/media?parent=14"}],"curies":[{"name":"wp","href":"https:\/\/api.w.org\/{rel}","templated":true}]}}