{"id":12,"date":"2022-01-29T20:01:23","date_gmt":"2022-01-30T01:01:23","guid":{"rendered":"https:\/\/new.aclimatise.com\/?page_id=12"},"modified":"2022-02-18T19:37:15","modified_gmt":"2022-02-19T00:37:15","slug":"about","status":"publish","type":"page","link":"https:\/\/aclimatise.com\/fr\/about\/","title":{"rendered":"\u00c0 Propos"},"content":{"rendered":"<h3 class=\"has-vivid-cyan-blue-color has-text-color wp-block-heading\" id=\"let-our-experience-and-dedication-comfort-your-climate-needs\">La qualit\u00e9 des nos produits et la satisfaction de nos clients sont notre priorit\u00e9.<\/h3>\n\n\n\n<hr class=\"wp-block-separator\"\/>\n\n\n\n<h2 class=\"wp-block-heading\" id=\"les-services-a-climatise-in-l-ile-perrot-qc\">LES SERVICE A-CLIMATIS\u00c9 \u00c0 L'ILE PERROT, QC<\/h2>\n\n\n\n<p>Desservant la communaut\u00e9 m\u00e9tropolitaine de Montr\u00e9al, Les Service A-Climatis\u00e9 sont en fonction depuis 1982. Nous fournissons des solutions innovantes incluant des pompes \u00e0 chauffage, \u00e0 ventilation, \u00e0 climatisation et \u00e0 chaleur pour les applications commerciales, industrielles et r\u00e9sidentielles.&nbsp;<\/p>\n\n\n\n<p>Nous sommes tr\u00e8s exp\u00e9riment\u00e9s dans l'entretien des syst\u00e8mes RUNTRU par Trane, Philco, Goodman, York, Carrier, Payne, Trane, Cree et Zephyr. Notre \u00e9quipe de professionnels exp\u00e9riment\u00e9s et d\u00e9vou\u00e9s se fera un plaisir de vous aider dans votre prochain projet et de surpasser vos attentes en mati\u00e8re de service \u00e0 la client\u00e8le. Si vous ne trouvez pas les informations que vous souhaitez ici, n'h\u00e9sitez pas \u00e0 nous contacter.<\/p>\n\n\n\n<p><\/p>\n\n\n\n<div class=\"wp-block-buttons is-content-justification-center is-layout-flex wp-container-core-buttons-is-layout-a89b3969 wp-block-buttons-is-layout-flex\">\n<div class=\"wp-block-button\"><a class=\"wp-block-button__link\" href=\"mailto:info@aclimatise.com\">Contactez-Nous<\/a><\/div>\n<\/div>\n\n\n\n<p><\/p>\n\n\n\n<p><\/p>\n\n\n\n<p><\/p>\n\n\n\n<p><\/p>","protected":false},"excerpt":{"rendered":"<p>Let our experience and dedication comfort your climate needs. Les Services A-Climatis\u00e9&nbsp;in&nbsp;L&#8217;ile Perrot,&nbsp;QC Serving the greater Montreal area, Les Services A-Climatis\u00e9 has been in operation since 1982. We have been providing innovative heating, ventilation, air conditioning, and heat pump solutions for commercial, industrial, and residential applications.&nbsp; We are highly experienced in servicing RUNTRU by Trane, &hellip; <\/p>\n<p class=\"link-more\"><a href=\"https:\/\/aclimatise.com\/fr\/about\/\" class=\"more-link\">Read more<span class=\"screen-reader-text\"> &#8220;About&#8221;<\/span><\/a><\/p>","protected":false},"author":1,"featured_media":0,"parent":0,"menu_order":0,"comment_status":"closed","ping_status":"closed","template":"","meta":{"_inspiro_hide_title":false,"footnotes":""},"class_list":["post-12","page","type-page","status-publish","hentry"],"_links":{"self":[{"href":"https:\/\/aclimatise.com\/fr\/wp-json\/wp\/v2\/pages\/12","targetHints":{"allow":["GET"]}}],"collection":[{"href":"https:\/\/aclimatise.com\/fr\/wp-json\/wp\/v2\/pages"}],"about":[{"href":"https:\/\/aclimatise.com\/fr\/wp-json\/wp\/v2\/types\/page"}],"author":[{"embeddable":true,"href":"https:\/\/aclimatise.com\/fr\/wp-json\/wp\/v2\/users\/1"}],"replies":[{"embeddable":true,"href":"https:\/\/aclimatise.com\/fr\/wp-json\/wp\/v2\/comments?post=12"}],"version-history":[{"count":8,"href":"https:\/\/aclimatise.com\/fr\/wp-json\/wp\/v2\/pages\/12\/revisions"}],"predecessor-version":[{"id":130,"href":"https:\/\/aclimatise.com\/fr\/wp-json\/wp\/v2\/pages\/12\/revisions\/130"}],"wp:attachment":[{"href":"https:\/\/aclimatise.com\/fr\/wp-json\/wp\/v2\/media?parent=12"}],"curies":[{"name":"wp","href":"https:\/\/api.w.org\/{rel}","templated":true}]}}